{"id":1514,"date":"2025-01-24T14:15:28","date_gmt":"2025-01-24T14:15:28","guid":{"rendered":"https:\/\/www.bwttermotek.com.tr\/?page_id=1514"},"modified":"2025-01-24T14:16:04","modified_gmt":"2025-01-24T14:16:04","slug":"yasal-uyari","status":"publish","type":"page","link":"https:\/\/www.bwttermotek.com.tr\/index.php\/yasal-uyari\/","title":{"rendered":"Yasal Uyar\u0131"},"content":{"rendered":"\r\n<div style=\"text-align: center;\">\r\n<p><strong>YASAL UYARI<\/strong><\/p>\r\n<p><br \/>Medya sahibi, \u00fcreticisi ve yay\u0131nc\u0131s\u0131:<\/p>\r\n<p>BWT Holding GmbH\u00a0<br \/>Walter-\u200bSimmer-Stra\u00dfe 4<br \/>A-\u200b5310 Mondsee<br \/>E-\u200bMail: office@bwt-\u200bgroup.com<br \/>T.: +43 6232 5011-\u200b0<br \/>F.: +43 6232 4058<\/p>\r\n<p>\u015eirket Sicil No.: FN 96162s<br \/>Yetkili Mahkeme: Wels B\u00f6lge Mahkemesi<br \/>KDV No.: ATU23473603<br \/>Denetim makam\u0131: BH V\u00f6cklabruck<br \/>Oda birli\u011fi: Avusturya Ekonomi Odas\u0131 &#8211; BWT \u015eirket bilgileri Ticaret hukuku kapsam\u0131ndaki<br \/>d\u00fczenlemeler : Ticaret D\u00fczenleme Kanunu<\/p>\r\n<p>Edit\u00f6ryal<br \/>politika: Kamuoyuna, m\u00fc\u015fterilere ve tedarik\u00e7ilere y\u00f6nelik i\u015fletmeyle ilgili bilgiler.<\/p>\r\n<p>Web ma\u011fazas\u0131ndan (medya sahibi) ve web sitesindeki \u00fcr\u00fcn bilgilerinden sorumlu ki\u015fi:<\/p>\r\n<p>BWT Sports &amp; Digital Services GmbH<br \/>Walter-\u200bSimmer-Str. 4<br \/>A-\u200b5310 Mondsee<br \/>E-\u200bMail: shop@bwt.com<br \/>Avusturya&#8217;dan T: 0800 800 555<br \/>Almanya&#8217;dan T: 0800 1122322<\/p>\r\n<p>Uluslararas\u0131: shop@bwt.com<\/p>\r\n<p>\u015eirket sicil numaras\u0131: FN 534002y<br \/>Ticaret sicil mahkemesi: Landesgericht Wels<br \/>UID No. ATU 75592208<br \/>D\u00fczenleyici kurum: BH V\u00f6cklabruck<\/p>\r\n<p>Y\u00f6netim:<br \/>Du\u0161ko Stojakovi\u0107<br \/>Peter Wienerroither<\/p>\r\n<p>Temel<br \/>i\u00e7erik y\u00f6nelimi: M\u00fc\u015fteriler ve tedarik\u00e7iler i\u00e7in \u015firketle ilgili bilgiler<\/p>\r\n<p>\u0130\u015f<br \/>kolu: Moda ve e\u011flence \u00fcr\u00fcnlerinin yan\u0131 s\u0131ra spor ve e\u011flence giyim, tekstil ve ayakkab\u0131 \u00fcr\u00fcnlerinin geli\u015ftirilmesi, \u00fcretimi, ticareti ve da\u011f\u0131t\u0131m\u0131.<\/p>\r\n<p>Uygulanabilir<br \/>mevzuat: Ticaret d\u00fczenlemeleri: www.ris.bka.gv.at<\/p>\r\n<p>\u0130\u015f<br \/>amac\u0131: Her t\u00fcrl\u00fc mal\u0131n ticareti \u00c7evrimi\u00e7i<\/p>\r\n<p>uyu\u015fmazl\u0131k \u00e7\u00f6z\u00fcm bilgileri:<br \/>T\u00fcketiciler, AB \u00e7evrimi\u00e7i uyu\u015fmazl\u0131k \u00e7\u00f6z\u00fcm platformuna \u015fikayette bulunma olana\u011f\u0131na sahiptir: http:\/\/ec.europa.eu\/odr. Ayr\u0131ca, herhangi bir \u015fikayeti yukar\u0131daki e-posta adresine de g\u00f6nderebilirsiniz.<\/p>\r\n<p>Medya Yasas\u0131 \u00a7\u00a7 25&#8217;e g\u00f6re a\u00e7\u0131klama ve E-Ticaret Yasas\u0131 \u00a7 5&#8217;e g\u00f6re bilgi<\/p>\r\n<\/div>","protected":false},"excerpt":{"rendered":"<p>YASAL UYARI Medya sahibi, \u00fcreticisi ve yay\u0131nc\u0131s\u0131: BWT Holding GmbH\u00a0Walter-\u200bSimmer-Stra\u00dfe  [&#8230;]<\/p>\n","protected":false},"author":1,"featured_media":0,"parent":0,"menu_order":0,"comment_status":"closed","ping_status":"open","template":"","meta":{"footnotes":""},"class_list":["post-1514","page","type-page","status-publish","hentry"],"acf":[],"_links":{"self":[{"href":"https:\/\/www.bwttermotek.com.tr\/index.php\/wp-json\/wp\/v2\/pages\/1514","targetHints":{"allow":["GET"]}}],"collection":[{"href":"https:\/\/www.bwttermotek.com.tr\/index.php\/wp-json\/wp\/v2\/pages"}],"about":[{"href":"https:\/\/www.bwttermotek.com.tr\/index.php\/wp-json\/wp\/v2\/types\/page"}],"author":[{"embeddable":true,"href":"https:\/\/www.bwttermotek.com.tr\/index.php\/wp-json\/wp\/v2\/users\/1"}],"replies":[{"embeddable":true,"href":"https:\/\/www.bwttermotek.com.tr\/index.php\/wp-json\/wp\/v2\/comments?post=1514"}],"version-history":[{"count":2,"href":"https:\/\/www.bwttermotek.com.tr\/index.php\/wp-json\/wp\/v2\/pages\/1514\/revisions"}],"predecessor-version":[{"id":1516,"href":"https:\/\/www.bwttermotek.com.tr\/index.php\/wp-json\/wp\/v2\/pages\/1514\/revisions\/1516"}],"wp:attachment":[{"href":"https:\/\/www.bwttermotek.com.tr\/index.php\/wp-json\/wp\/v2\/media?parent=1514"}],"curies":[{"name":"wp","href":"https:\/\/api.w.org\/{rel}","templated":true}]}}